{"id":6211,"date":"2025-07-09T10:21:53","date_gmt":"2025-07-09T13:21:53","guid":{"rendered":"https:\/\/netbrtelecom.com.br\/site\/?page_id=6211"},"modified":"2025-07-09T13:55:06","modified_gmt":"2025-07-09T16:55:06","slug":"central-de-contratos","status":"publish","type":"page","link":"https:\/\/netbrtelecom.com.br\/site\/central-de-contratos\/","title":{"rendered":"Central de Contratos"},"content":{"rendered":"\t\t<div data-elementor-type=\"wp-page\" data-elementor-id=\"6211\" class=\"elementor elementor-6211\">\n\t\t\t\t<div class=\"elementor-element elementor-element-14beb17 e-flex e-con-boxed e-con e-parent \" data-id=\"14beb17\" data-element_type=\"container\">\t\t\t<div class=\"e-con-inner\">\r\n\t\t\t\t<div class=\"elementor-element elementor-element-4778b5f elementor-widget elementor-widget-pxl_heading\" data-id=\"4778b5f\" data-element_type=\"widget\" data-widget_type=\"pxl_heading.default\">\n\t\t\t\t<div class=\"elementor-widget-container\">\n\t\t\t\t\t<div id=\"pxl-pxl_heading-4778b5f-3621\" class=\"pxl-heading px-sub-title-default-style\">\n\t<div class=\"pxl-heading--inner\">\n\t\t\n\t\t\t\t\t<div class=\"pxl-item--subtitle px-sub-title-default wow fadeIn\" data-wow-delay=\"100ms\">\n\t\t\t\t\t\t\t\t<span class=\"pxl-item--subtext\">\n\t\t\t\t\tCentral de Contratos\t\t\t\t<\/span>\n\t\t\t<\/div>\n\t\t\n\t\t<h3 class=\"pxl-item--title \" data-wow-delay=\"200ms\">\n\t\t\t\t\t\t\t\t<span class=\"pxl-item--text\">\n\t\t\t            <span class=\"pxl-text--slide\"><span class=\"wow letter\">Seus<\/span><\/span> <span class=\"pxl-text--slide\"><span class=\"wow letter\">contratos<\/span><\/span> <span class=\"pxl-text--slide\"><span class=\"wow letter\">com<\/span><\/span> <span class=\"pxl-text--slide\"><span class=\"wow letter\">facilidade<\/span><\/span> <span class=\"pxl-text--slide\"><span class=\"wow letter\">e<\/span><\/span> <span class=\"pxl-text--slide\"><span class=\"wow letter\">transpar\u00eancia<\/span><\/span>\t\t\t        <\/span>\n\t\t\t\t\t\t\n\t\t<\/h3>\n\n\t\t\n\t\t\n\t\t\t\t\n\t<\/div>\n<\/div>\t\t\t\t<\/div>\n\t\t\t\t<\/div>\n\t\t\t\t<div class=\"elementor-element elementor-element-b5796d4 elementor-invisible elementor-widget elementor-widget-pxl_text_editor\" data-id=\"b5796d4\" data-element_type=\"widget\" data-settings=\"{&quot;_animation&quot;:&quot;fadeIn&quot;}\" data-widget_type=\"pxl_text_editor.default\">\n\t\t\t\t<div class=\"elementor-widget-container\">\n\t\t\t\t\t<div class=\"pxl-text-editor\">\n\t<div class=\"pxl-item--inner \" data-wow-delay=\"ms\">\n\t\t<p>Na NetBR Telecom, acreditamos que confian\u00e7a se constr\u00f3i com clareza e respeito. Por isso, disponibilizamos um espa\u00e7o exclusivo para que voc\u00ea tenha acesso aos seus contratos e demais informa\u00e7\u00f5es de forma totalmente transparente.<\/p><p>Estamos sempre prontos para atender com responsabilidade e oferecer a melhor experi\u00eancia, do in\u00edcio ao fim do seu contrato.<\/p>\t\t\n\t<\/div>\n<\/div>\t\t\t\t<\/div>\n\t\t\t\t<\/div>\n\t\t\t\t<div class=\"elementor-element elementor-element-d7a7870 elementor-widget elementor-widget-pxl_meta\" data-id=\"d7a7870\" data-element_type=\"widget\" data-widget_type=\"pxl_meta.default\">\n\t\t\t\t<div class=\"elementor-widget-container\">\n\t\t\t\t\t<div class=\"pxl-meta pxl-meta2\">\r\n\t<div class=\"pxl-meta-inner \" data-wow-delay=\"ms\">\r\n\t\t<div class=\"pxl-meta-content\">\r\n\t\t\t<div class=\"content-inner\">\r\n\t\t\t\t<div class=\"pxl-item-title\">\r\n\t\t\t\t\t<i class=\"far fa-chevron-double-right\"><\/i>\r\n\t\t\t\t\t<h5 class=\"title\">Contrato de Presta\u00e7\u00e3o de Servi\u00e7o de Comunica\u00e7\u00e3o Multim\u00eddia \u2013 SCM<\/h5>\r\n\t\t\t\t<\/div>\r\n\t\t\t\t<div class=\"sub-title\">\r\n\t\t\t\t\tEste contrato regula a presta\u00e7\u00e3o do servi\u00e7o de internet e comunica\u00e7\u00e3o multim\u00eddia, detalhando direitos, deveres e condi\u00e7\u00f5es para o uso da conex\u00e3o.\t\t\t\t<\/div>\r\n\t\t\t<\/div>\r\n\t\t<\/div>\r\n\t<\/div>\r\n<\/div>\t\t\t\t<\/div>\n\t\t\t\t<\/div>\n\t\t\t\t<div class=\"elementor-element elementor-element-a226da5 elementor-widget elementor-widget-pxl_button\" data-id=\"a226da5\" data-element_type=\"widget\" data-widget_type=\"pxl_button.default\">\n\t\t\t\t<div class=\"elementor-widget-container\">\n\t\t\t\t\t<div id=\"pxl-pxl_button-a226da5-4906\" class=\"pxl-button \" data-wow-delay=\"ms\">\r\n    <a href=\"#\" target=\"_blank\" class=\"btn pxl-icon-active btn-nina  pxl-icon--right\" data-wow-delay=\"ms\">\r\n        \r\n        <i aria-hidden=\"true\" class=\"far fa-plus\"><\/i>        \r\n        <span class=\"pxl--btn-text\" data-text=\"Ver contrato\">\r\n            <span>V<\/span><span>e<\/span><span>r<\/span><span class=\"spacer\">&nbsp;<\/span><span>c<\/span><span>o<\/span><span>n<\/span><span>t<\/span><span>r<\/span><span>a<\/span><span>t<\/span><span>o<\/span>        <\/span>\r\n        \r\n         \r\n\r\n    <\/a>\r\n<\/div>\t\t\t\t<\/div>\n\t\t\t\t<\/div>\n\t\t\t\t<div class=\"elementor-element elementor-element-f2dec0d elementor-widget elementor-widget-pxl_meta\" data-id=\"f2dec0d\" data-element_type=\"widget\" data-widget_type=\"pxl_meta.default\">\n\t\t\t\t<div class=\"elementor-widget-container\">\n\t\t\t\t\t<div class=\"pxl-meta pxl-meta2\">\r\n\t<div class=\"pxl-meta-inner \" data-wow-delay=\"ms\">\r\n\t\t<div class=\"pxl-meta-content\">\r\n\t\t\t<div class=\"content-inner\">\r\n\t\t\t\t<div class=\"pxl-item-title\">\r\n\t\t\t\t\t<i class=\"far fa-chevron-double-right\"><\/i>\r\n\t\t\t\t\t<h5 class=\"title\">Contrato Comodato de Equipamentos<\/h5>\r\n\t\t\t\t<\/div>\r\n\t\t\t\t<div class=\"sub-title\">\r\n\t\t\t\t\tAqui voc\u00ea encontra os termos para o empr\u00e9stimo dos equipamentos fornecidos, incluindo cuidados, responsabilidades e condi\u00e7\u00f5es de uso.\t\t\t\t<\/div>\r\n\t\t\t<\/div>\r\n\t\t<\/div>\r\n\t<\/div>\r\n<\/div>\t\t\t\t<\/div>\n\t\t\t\t<\/div>\n\t\t\t\t<div class=\"elementor-element elementor-element-2ed5009 elementor-widget elementor-widget-pxl_button\" data-id=\"2ed5009\" data-element_type=\"widget\" data-widget_type=\"pxl_button.default\">\n\t\t\t\t<div class=\"elementor-widget-container\">\n\t\t\t\t\t<div id=\"pxl-pxl_button-2ed5009-1604\" class=\"pxl-button \" data-wow-delay=\"ms\">\r\n    <a href=\"#\" target=\"_blank\" class=\"btn pxl-icon-active btn-nina  pxl-icon--right\" data-wow-delay=\"ms\">\r\n        \r\n        <i aria-hidden=\"true\" class=\"far fa-plus\"><\/i>        \r\n        <span class=\"pxl--btn-text\" data-text=\"Ver contrato\">\r\n            <span>V<\/span><span>e<\/span><span>r<\/span><span class=\"spacer\">&nbsp;<\/span><span>c<\/span><span>o<\/span><span>n<\/span><span>t<\/span><span>r<\/span><span>a<\/span><span>t<\/span><span>o<\/span>        <\/span>\r\n        \r\n         \r\n\r\n    <\/a>\r\n<\/div>\t\t\t\t<\/div>\n\t\t\t\t<\/div>\n\t\t\t\t\t<\/div>\r\n\t\t\t\t<\/div>\r\n\t\t\t\t<\/div>\n\t\t","protected":false},"excerpt":{"rendered":"<p>Central de Contratos Seus contratos com facilidade e transpar\u00eancia Na NetBR Telecom, acreditamos que confian\u00e7a se constr\u00f3i com clareza e respeito. Por isso, disponibilizamos um espa\u00e7o exclusivo para que voc\u00ea tenha acesso aos seus contratos e demais informa\u00e7\u00f5es de forma totalmente transparente. Estamos sempre prontos para atender com responsabilidade e oferecer a melhor experi\u00eancia, do [&hellip;]<\/p>\n","protected":false},"author":1,"featured_media":0,"parent":0,"menu_order":0,"comment_status":"closed","ping_status":"closed","template":"","meta":{"footnotes":""},"class_list":["post-6211","page","type-page","status-publish","hentry"],"_links":{"self":[{"href":"https:\/\/netbrtelecom.com.br\/site\/wp-json\/wp\/v2\/pages\/6211","targetHints":{"allow":["GET"]}}],"collection":[{"href":"https:\/\/netbrtelecom.com.br\/site\/wp-json\/wp\/v2\/pages"}],"about":[{"href":"https:\/\/netbrtelecom.com.br\/site\/wp-json\/wp\/v2\/types\/page"}],"author":[{"embeddable":true,"href":"https:\/\/netbrtelecom.com.br\/site\/wp-json\/wp\/v2\/users\/1"}],"replies":[{"embeddable":true,"href":"https:\/\/netbrtelecom.com.br\/site\/wp-json\/wp\/v2\/comments?post=6211"}],"version-history":[{"count":22,"href":"https:\/\/netbrtelecom.com.br\/site\/wp-json\/wp\/v2\/pages\/6211\/revisions"}],"predecessor-version":[{"id":6304,"href":"https:\/\/netbrtelecom.com.br\/site\/wp-json\/wp\/v2\/pages\/6211\/revisions\/6304"}],"wp:attachment":[{"href":"https:\/\/netbrtelecom.com.br\/site\/wp-json\/wp\/v2\/media?parent=6211"}],"curies":[{"name":"wp","href":"https:\/\/api.w.org\/{rel}","templated":true}]}}