{"id":34,"date":"2023-07-05T08:27:48","date_gmt":"2023-07-05T08:27:48","guid":{"rendered":"https:\/\/demo.bravisthemes.com\/nestnet\/?page_id=34"},"modified":"2025-07-10T18:19:23","modified_gmt":"2025-07-10T21:19:23","slug":"sobre-nos","status":"publish","type":"page","link":"https:\/\/netbrtelecom.com.br\/site\/sobre-nos\/","title":{"rendered":"Sobre N\u00f3s"},"content":{"rendered":"\t\t<div data-elementor-type=\"wp-page\" data-elementor-id=\"34\" class=\"elementor elementor-34\">\n\t\t\t\t        <section class=\"elementor-section elementor-top-section elementor-element elementor-element-c3d7421 elementor-section-stretched elementor-section-content-middle elementor-section-boxed elementor-section-height-default elementor-section-height-default pxl-row-scroll-none pxl-bg-color-none pxl-section-overlay-none\" data-id=\"c3d7421\" data-element_type=\"section\" data-settings=\"{&quot;stretch_section&quot;:&quot;section-stretched&quot;}\">\n\n                \n                <div class=\"elementor-container elementor-column-gap-extended \">\n                <div class=\"elementor-column elementor-col-66 elementor-top-column elementor-element elementor-element-fc28ccc pxl-column-none\" data-id=\"fc28ccc\" data-element_type=\"column\">\r\n        <div class=\"elementor-widget-wrap elementor-element-populated\">\r\n                     \r\n        \t\t<div class=\"elementor-element elementor-element-87884bb elementor-widget elementor-widget-pxl_heading\" data-id=\"87884bb\" data-element_type=\"widget\" data-widget_type=\"pxl_heading.default\">\n\t\t\t\t<div class=\"elementor-widget-container\">\n\t\t\t\t\t<div id=\"pxl-pxl_heading-87884bb-9762\" class=\"pxl-heading px-sub-title-default-style\">\n\t<div class=\"pxl-heading--inner\">\n\t\t\n\t\t\t\t\t<div class=\"pxl-item--subtitle px-sub-title-default wow fadeIn\" data-wow-delay=\"100ms\">\n\t\t\t\t\t\t\t\t<span class=\"pxl-item--subtext\">\n\t\t\t\t\tSobre N\u00f3s\t\t\t\t<\/span>\n\t\t\t<\/div>\n\t\t\n\t\t<h3 class=\"pxl-item--title \" data-wow-delay=\"200ms\">\n\t\t\t\t\t\t\t\t<span class=\"pxl-item--text\">\n\t\t\t            <span class=\"pxl-text--slide\"><span class=\"wow letter\">Somos<\/span><\/span> <span class=\"pxl-text--slide\"><span class=\"wow letter\">a<\/span><\/span> <span class=\"pxl-text--slide\"><span class=\"wow letter\">NetBR<\/span><\/span> <span class=\"pxl-text--slide\"><span class=\"wow letter\">Telecom!<\/span><\/span> <span class=\"pxl-text--slide\"><span class=\"wow letter\">Internet<\/span><\/span> <span class=\"pxl-text--slide\"><span class=\"wow letter\">com<\/span><\/span> <span class=\"pxl-text--slide\"><span class=\"wow letter\">qualidade,<\/span><\/span> <span class=\"pxl-text--slide\"><span class=\"wow letter\">conectando<\/span><\/span> <span class=\"pxl-text--slide\"><span class=\"wow letter\">voc\u00ea<\/span><\/span> <span class=\"pxl-text--slide\"><span class=\"wow letter\">ao<\/span><\/span> <span class=\"pxl-text--slide\"><span class=\"wow letter\">mundo<\/span><\/span>\t\t\t        <\/span>\n\t\t\t\t\t\t\n\t\t<\/h3>\n\n\t\t\n\t\t\n\t\t\t\t\n\t<\/div>\n<\/div>\t\t\t\t<\/div>\n\t\t\t\t<\/div>\n\t\t\t\t<div class=\"elementor-element elementor-element-5352572 elementor-invisible elementor-widget elementor-widget-pxl_text_editor\" data-id=\"5352572\" data-element_type=\"widget\" data-settings=\"{&quot;_animation&quot;:&quot;fadeIn&quot;}\" data-widget_type=\"pxl_text_editor.default\">\n\t\t\t\t<div class=\"elementor-widget-container\">\n\t\t\t\t\t<div class=\"pxl-text-editor\">\n\t<div class=\"pxl-item--inner \" data-wow-delay=\"ms\">\n\t\t<p>A NetBR Telecom nasceu da experi\u00eancia e evolu\u00e7\u00e3o da CM Solu\u00e7\u00f5es em Inform\u00e1tica, fundada em 14 de junho de 2007 com o objetivo de oferecer equipamentos, suprimentos e assist\u00eancia t\u00e9cnica em inform\u00e1tica. Desde o in\u00edcio, buscamos ser refer\u00eancia em qualidade e atendimento, sempre com foco em solu\u00e7\u00f5es inovadoras para nossos clientes.<\/p><p>Poucos meses ap\u00f3s a funda\u00e7\u00e3o, em agosto de 2007, ampliamos nossa atua\u00e7\u00e3o para o fornecimento e gerenciamento de redes e internet para empresas e \u00f3rg\u00e3os p\u00fablicos. Foi nesse momento que nos tornamos pioneiros na oferta de internet via r\u00e1dio para Floreal-SP e regi\u00e3o, em uma \u00e9poca em que as \u00fanicas op\u00e7\u00f5es dispon\u00edveis eram conex\u00f5es discadas \u2014 lentas e caras.<\/p><p>Com o crescimento constante e o compromisso com a inova\u00e7\u00e3o, a CM deu origem \u00e0 NetBR Telecom, hoje um provedor especializado em acesso \u00e0 internet em alta velocidade. Utilizando tecnologia de ponta e uma rede moderna, levamos conectividade com qualidade, estabilidade e desempenho a toda a popula\u00e7\u00e3o de Floreal e cidades vizinhas.<\/p>\t\t\n\t<\/div>\n<\/div>\t\t\t\t<\/div>\n\t\t\t\t<\/div>\n\t\t        <section class=\"elementor-section elementor-inner-section elementor-element elementor-element-b9b6962 elementor-section-content-middle elementor-section-boxed elementor-section-height-default elementor-section-height-default pxl-row-scroll-none pxl-bg-color-none pxl-section-overlay-none\" data-id=\"b9b6962\" data-element_type=\"section\">\n\n                \n                <div class=\"elementor-container elementor-column-gap-extended \">\n                <div class=\"elementor-column elementor-col-100 elementor-inner-column elementor-element elementor-element-693d732 pxl-column-none\" data-id=\"693d732\" data-element_type=\"column\">\r\n        <div class=\"elementor-widget-wrap\">\r\n                     \r\n                    <\/div>\r\n        <\/div>\r\n        \t\t\t<\/div>\n\t\t<\/section>\n\t\t            <\/div>\r\n        <\/div>\r\n                <div class=\"elementor-column elementor-col-33 elementor-top-column elementor-element elementor-element-e15c365 pxl-column-none\" data-id=\"e15c365\" data-element_type=\"column\">\r\n        <div class=\"elementor-widget-wrap elementor-element-populated\">\r\n                     \r\n        \t\t<div class=\"elementor-element elementor-element-ce9976b elementor-widget elementor-widget-pxl_banner_box\" data-id=\"ce9976b\" data-element_type=\"widget\" data-widget_type=\"pxl_banner_box.default\">\n\t\t\t\t<div class=\"elementor-widget-container\">\n\t\t\t\t\t<div class=\"pxl-banner-box pxl-banner-box1\">\r\n\t<div class=\"pxl-box-inner\">\r\n\t\t\r\n\t\t\t\t\t<div class=\"pxl-item--meta\">\r\n\t\t\t\t<div class=\"pxl-group\"><\/div>\r\n\t\t\t\t<div class=\"pxl-item--imgprimary wow fadeIn\" data-wow-delay=\"100ms\">\r\n\t\t\t\t\t<img fetchpriority=\"high\" decoding=\"async\" class=\"\" src=\"https:\/\/netbrtelecom.com.br\/site\/wp-content\/uploads\/2023\/07\/img-banner1-600x700.jpg\" width=\"600\" height=\"700\" alt=\"img-banner1\" title=\"img-banner1\" \/>\t\t\t\t\t<div class=\"pxl-divide--group  wow\" data-wow-delay=\"120ms\">\r\n\t\t\t\t\t\t<div class=\"pxl-item--divider pxl-divider--top\"><\/div>\r\n\t\t\t\t\t\t<div class=\"pxl-item--divider pxl-divider--right\"><\/div>\r\n\t\t\t\t\t\t<div class=\"pxl-item--divider pxl-divider--bottom\"><\/div>\r\n\t\t\t\t\t\t<div class=\"pxl-item--divider pxl-divider--left\"><\/div>\r\n\t\t\t\t\t<\/div>\r\n\t\t\t\t<\/div>\r\n\t\t\t\t\t\t\t\t\t<div class=\"pxl-item--imgsecondary wow zoomIn\" data-wow-delay=\"200ms\"><img decoding=\"async\" class=\"\" src=\"https:\/\/netbrtelecom.com.br\/site\/wp-content\/uploads\/2023\/08\/img2-layout1-347x217.png\" width=\"347\" height=\"217\" alt=\"img2-layout1\" title=\"img2-layout1\" \/><\/div>\r\n\t\t\t\t\t\t\t\t<div class=\"content-inner\">\r\n\t\t\t\t\t<div class=\"content-text wow fadeInRight\" data-wow-delay=\"300ms\">\r\n\t\t\t\t\t\t<h2 class=\"title\">18<\/h2>\r\n\t\t\t\t\t\t<div class=\"sub-title\">\r\n\t\t\t\t\t\t\tanos de experi\u00eancia\t\t\t\t\t\t<\/div>\r\n\t\t\t\t\t<\/div>\r\n\t\t\t\t<\/div>\r\n\t\t\t<\/div>\r\n\t\t\t<\/div>\r\n<\/div>\t\t\t\t<\/div>\n\t\t\t\t<\/div>\n\t\t            <\/div>\r\n        <\/div>\r\n        \t\t\t<\/div>\n\t\t<\/section>\n\t\t        <section class=\"elementor-section elementor-top-section elementor-element elementor-element-8e31cde elementor-section-stretched elementor-section-boxed elementor-section-height-default elementor-section-height-default pxl-row-scroll-none pxl-bg-color-none pxl-section-overlay-none\" data-id=\"8e31cde\" data-element_type=\"section\" data-settings=\"{&quot;stretch_section&quot;:&quot;section-stretched&quot;}\">\n\n                \n                <div class=\"elementor-container elementor-column-gap-extended \">\n                <div class=\"elementor-column elementor-col-100 elementor-top-column elementor-element elementor-element-a343cc9 pxl-column-none\" data-id=\"a343cc9\" data-element_type=\"column\">\r\n        <div class=\"elementor-widget-wrap elementor-element-populated\">\r\n                     \r\n                <section class=\"elementor-section elementor-inner-section elementor-element elementor-element-b5c813e elementor-section-boxed elementor-section-height-default elementor-section-height-default pxl-row-scroll-none pxl-bg-color-none pxl-section-overlay-none\" data-id=\"b5c813e\" data-element_type=\"section\">\n\n                \n                <div class=\"elementor-container elementor-column-gap-extended \">\n                <div class=\"elementor-column elementor-col-33 elementor-inner-column elementor-element elementor-element-04fbe9c layout-meta2 pxl-column-none\" data-id=\"04fbe9c\" data-element_type=\"column\">\r\n        <div class=\"elementor-widget-wrap elementor-element-populated\">\r\n                     \r\n        \t\t<div class=\"elementor-element elementor-element-d0dd54d elementor-invisible elementor-widget elementor-widget-pxl_icon_box\" data-id=\"d0dd54d\" data-element_type=\"widget\" data-settings=\"{&quot;_animation&quot;:&quot;fadeIn&quot;,&quot;_animation_delay&quot;:200}\" data-widget_type=\"pxl_icon_box.default\">\n\t\t\t\t<div class=\"elementor-widget-container\">\n\t\t\t\t\t<div class=\"pxl-icon-box pxl-icon-box3  \" data-wow-delay=\"ms\">\r\n    <div class=\"pxl-item--inner\">\r\n        <div class=\"pxl-item-wrap\">\r\n                            <div class=\"pxl-item--icon\">\r\n                    <i aria-hidden=\"true\" class=\"fal fa-bullseye-pointer\"><\/i>                <\/div>\r\n                                    <div class=\"pxl-item--holder\">\r\n                <h5 class=\"pxl-item--title el-empty\">Nossa Miss\u00e3o<\/h5>\r\n                <div class=\"pxl-text\">\r\n                    Superar expectativas em cada conex\u00e3o, oferecendo servi\u00e7os inovadores e de alt\u00edssima qualidade que contribuem para o sucesso de quem confia na NetBR Telecom.                <\/div>\r\n            <\/div>\r\n        <\/div>\r\n    <\/div>\r\n<\/div>\t\t\t\t<\/div>\n\t\t\t\t<\/div>\n\t\t            <\/div>\r\n        <\/div>\r\n                <div class=\"elementor-column elementor-col-33 elementor-inner-column elementor-element elementor-element-21d75e3 pxl-column-none\" data-id=\"21d75e3\" data-element_type=\"column\">\r\n        <div class=\"elementor-widget-wrap elementor-element-populated\">\r\n                     \r\n        \t\t<div class=\"elementor-element elementor-element-1dec8cd elementor-invisible elementor-widget elementor-widget-pxl_icon_box\" data-id=\"1dec8cd\" data-element_type=\"widget\" data-settings=\"{&quot;_animation&quot;:&quot;fadeIn&quot;,&quot;_animation_delay&quot;:200}\" data-widget_type=\"pxl_icon_box.default\">\n\t\t\t\t<div class=\"elementor-widget-container\">\n\t\t\t\t\t<div class=\"pxl-icon-box pxl-icon-box3  \" data-wow-delay=\"ms\">\r\n    <div class=\"pxl-item--inner\">\r\n        <div class=\"pxl-item-wrap\">\r\n                            <div class=\"pxl-item--icon\">\r\n                    <i aria-hidden=\"true\" class=\"fal fa-eye\"><\/i>                <\/div>\r\n                                    <div class=\"pxl-item--holder\">\r\n                <h5 class=\"pxl-item--title el-empty\">Nossa Vis\u00e3o<\/h5>\r\n                <div class=\"pxl-text\">\r\n                    Ser reconhecida como a provedora mais completa de solu\u00e7\u00f5es em internet, destacando-se pelo atendimento diferenciado e pelo compromisso com cada cliente.                <\/div>\r\n            <\/div>\r\n        <\/div>\r\n    <\/div>\r\n<\/div>\t\t\t\t<\/div>\n\t\t\t\t<\/div>\n\t\t            <\/div>\r\n        <\/div>\r\n                <div class=\"elementor-column elementor-col-33 elementor-inner-column elementor-element elementor-element-329bcc6 layout-meta2 pxl-column-none\" data-id=\"329bcc6\" data-element_type=\"column\">\r\n        <div class=\"elementor-widget-wrap elementor-element-populated\">\r\n                     \r\n        \t\t<div class=\"elementor-element elementor-element-e45c7ba elementor-invisible elementor-widget elementor-widget-pxl_icon_box\" data-id=\"e45c7ba\" data-element_type=\"widget\" data-settings=\"{&quot;_animation&quot;:&quot;fadeIn&quot;,&quot;_animation_delay&quot;:200}\" data-widget_type=\"pxl_icon_box.default\">\n\t\t\t\t<div class=\"elementor-widget-container\">\n\t\t\t\t\t<div class=\"pxl-icon-box pxl-icon-box3  \" data-wow-delay=\"ms\">\r\n    <div class=\"pxl-item--inner\">\r\n        <div class=\"pxl-item-wrap\">\r\n                            <div class=\"pxl-item--icon\">\r\n                    <i aria-hidden=\"true\" class=\"fal fa-handshake-alt\"><\/i>                <\/div>\r\n                                    <div class=\"pxl-item--holder\">\r\n                <h5 class=\"pxl-item--title el-empty\">Nossos Valores<\/h5>\r\n                <div class=\"pxl-text\">\r\n                    Na NetBR Telecom, cultivamos respeito, \u00e9tica e trabalho em equipe para entregar excel\u00eancia e superar as expectativas de cada cliente, todos os dias.                <\/div>\r\n            <\/div>\r\n        <\/div>\r\n    <\/div>\r\n<\/div>\t\t\t\t<\/div>\n\t\t\t\t<\/div>\n\t\t            <\/div>\r\n        <\/div>\r\n        \t\t\t<\/div>\n\t\t<\/section>\n\t\t        <section class=\"elementor-section elementor-inner-section elementor-element elementor-element-f8077c5 elementor-section-content-middle elementor-section-boxed elementor-section-height-default elementor-section-height-default pxl-row-scroll-none pxl-bg-color-none pxl-section-overlay-none\" data-id=\"f8077c5\" data-element_type=\"section\">\n\n                \n                <div class=\"elementor-container elementor-column-gap-extended \">\n                <div class=\"elementor-column elementor-col-100 elementor-inner-column elementor-element elementor-element-db3d4c6 pxl-column-none\" data-id=\"db3d4c6\" data-element_type=\"column\">\r\n        <div class=\"elementor-widget-wrap\">\r\n                     \r\n                    <\/div>\r\n        <\/div>\r\n        \t\t\t<\/div>\n\t\t<\/section>\n\t\t            <\/div>\r\n        <\/div>\r\n        \t\t\t<\/div>\n\t\t<\/section>\n\t\t\t\t<\/div>\n\t\t","protected":false},"excerpt":{"rendered":"<p>Sobre N\u00f3s Somos a NetBR Telecom! Internet com qualidade, conectando voc\u00ea ao mundo A NetBR Telecom nasceu da experi\u00eancia e evolu\u00e7\u00e3o da CM Solu\u00e7\u00f5es em Inform\u00e1tica, fundada em 14 de junho de 2007 com o objetivo de oferecer equipamentos, suprimentos e assist\u00eancia t\u00e9cnica em inform\u00e1tica. Desde o in\u00edcio, buscamos ser refer\u00eancia em qualidade e atendimento, [&hellip;]<\/p>\n","protected":false},"author":1,"featured_media":0,"parent":0,"menu_order":0,"comment_status":"closed","ping_status":"closed","template":"","meta":{"footnotes":""},"class_list":["post-34","page","type-page","status-publish","hentry"],"_links":{"self":[{"href":"https:\/\/netbrtelecom.com.br\/site\/wp-json\/wp\/v2\/pages\/34","targetHints":{"allow":["GET"]}}],"collection":[{"href":"https:\/\/netbrtelecom.com.br\/site\/wp-json\/wp\/v2\/pages"}],"about":[{"href":"https:\/\/netbrtelecom.com.br\/site\/wp-json\/wp\/v2\/types\/page"}],"author":[{"embeddable":true,"href":"https:\/\/netbrtelecom.com.br\/site\/wp-json\/wp\/v2\/users\/1"}],"replies":[{"embeddable":true,"href":"https:\/\/netbrtelecom.com.br\/site\/wp-json\/wp\/v2\/comments?post=34"}],"version-history":[{"count":25,"href":"https:\/\/netbrtelecom.com.br\/site\/wp-json\/wp\/v2\/pages\/34\/revisions"}],"predecessor-version":[{"id":6421,"href":"https:\/\/netbrtelecom.com.br\/site\/wp-json\/wp\/v2\/pages\/34\/revisions\/6421"}],"wp:attachment":[{"href":"https:\/\/netbrtelecom.com.br\/site\/wp-json\/wp\/v2\/media?parent=34"}],"curies":[{"name":"wp","href":"https:\/\/api.w.org\/{rel}","templated":true}]}}